{"id":10684,"date":"2022-02-12T07:30:34","date_gmt":"2022-02-12T07:30:34","guid":{"rendered":"https:\/\/www.vpsforextrader.com\/politica-de-cookies\/"},"modified":"2025-08-20T06:52:36","modified_gmt":"2025-08-20T06:52:36","slug":"politica-de-cookies","status":"publish","type":"page","link":"https:\/\/www.vpsforextrader.com\/pt-pt\/politica-de-cookies\/","title":{"rendered":"Pol\u00edtica de cookies"},"content":{"rendered":"\t\t<div data-elementor-type=\"wp-page\" data-elementor-id=\"10684\" class=\"elementor elementor-10684 elementor-130\" data-elementor-post-type=\"page\">\n\t\t\t\t\t\t<section class=\"elementor-section elementor-top-section elementor-element elementor-element-3f648586 elementor-section-boxed elementor-section-height-default elementor-section-height-default\" data-id=\"3f648586\" data-element_type=\"section\">\n\t\t\t\t\t\t<div class=\"elementor-container elementor-column-gap-no\">\n\t\t\t\t\t<div class=\"elementor-column elementor-col-100 elementor-top-column elementor-element elementor-element-161ab36e\" data-id=\"161ab36e\" data-element_type=\"column\">\n\t\t\t<div class=\"elementor-widget-wrap elementor-element-populated\">\n\t\t\t\t\t\t<div class=\"elementor-element elementor-element-e8f9ff2 elementor-widget elementor-widget-heading\" data-id=\"e8f9ff2\" data-element_type=\"widget\" data-widget_type=\"heading.default\">\n\t\t\t\t<div class=\"elementor-widget-container\">\n\t\t\t\t\t<h1 class=\"elementor-heading-title elementor-size-default\">Pol\u00edtica de cookies<\/h1>\t\t\t\t<\/div>\n\t\t\t\t<\/div>\n\t\t\t\t\t<\/div>\n\t\t<\/div>\n\t\t\t\t\t<\/div>\n\t\t<\/section>\n\t\t\t\t<section class=\"elementor-section elementor-top-section elementor-element elementor-element-7fd2316 elementor-section-boxed elementor-section-height-default elementor-section-height-default\" data-id=\"7fd2316\" data-element_type=\"section\">\n\t\t\t\t\t\t<div class=\"elementor-container elementor-column-gap-default\">\n\t\t\t\t\t<div class=\"elementor-column elementor-col-100 elementor-top-column elementor-element elementor-element-7651e72\" data-id=\"7651e72\" data-element_type=\"column\">\n\t\t\t<div class=\"elementor-widget-wrap elementor-element-populated\">\n\t\t\t\t\t\t<div class=\"elementor-element elementor-element-400de96 cookie_content elementor-widget-tablet_extra__width-initial elementor-widget elementor-widget-text-editor\" data-id=\"400de96\" data-element_type=\"widget\" data-widget_type=\"text-editor.default\">\n\t\t\t\t<div class=\"elementor-widget-container\">\n\t\t\t\t\t\t\t\t\t<h2>Cookies e como o beneficiam<\/h2><p>O nosso s\u00edtio Web utiliza cookies, como quase todos os s\u00edtios Web, para ajudar a proporcionar-lhe a melhor experi\u00eancia poss\u00edvel.<br>Os cookies s\u00e3o pequenos ficheiros de texto que s\u00e3o colocados no seu computador ou telem\u00f3vel quando navega em s\u00edtios Web.<\/p><p>Os nossos cookies ajudam-nos a:<\/p><ul><li>Fazer com que o nosso s\u00edtio Web funcione como esperaria<\/li><li>Lembrar as suas defini\u00e7\u00f5es durante e entre visitas<\/li><li>Melhorar a velocidade\/seguran\u00e7a do s\u00edtio<\/li><li>Melhorar continuamente o nosso s\u00edtio Web para si<\/li><\/ul><p>N\u00e3o utilizamos cookies para:<\/p><ul><li>Recolher qualquer informa\u00e7\u00e3o pessoalmente identific\u00e1vel (sem a sua autoriza\u00e7\u00e3o expressa)<\/li><li>Recolher qualquer informa\u00e7\u00e3o sens\u00edvel (sem a sua autoriza\u00e7\u00e3o expressa)<\/li><li>Transmitir dados pessoalmente identific\u00e1veis a terceiros<\/li><li>Pagar comiss\u00f5es de vendas<\/li><\/ul><p>Pode saber mais sobre todos os cookies que utilizamos abaixo:<\/p><h2>Conceder-nos autoriza\u00e7\u00e3o para utilizar cookies<\/h2><p>Se as defini\u00e7\u00f5es do software que est\u00e1 a utilizar para visualizar este s\u00edtio Web (o seu navegador) estiverem ajustadas para aceitar cookies, consideramos isto, e o seu uso continuado do nosso s\u00edtio Web, como significando que concorda com isto. Se<br>desejar remover ou n\u00e3o utilizar cookies do nosso s\u00edtio, pode aprender como faz\u00ea-lo abaixo, no entanto, faz\u00ea-lo provavelmente significar\u00e1 que o nosso s\u00edtio n\u00e3o funcionar\u00e1 como esperaria. <\/p><h2>Mais sobre os nossos cookies<\/h2><h3>Cookies de fun\u00e7\u00e3o do s\u00edtio Web: os nossos pr\u00f3prios cookies<\/h3><p>Utilizamos cookies para fazer o nosso s\u00edtio Web funcionar, incluindo:<\/p><ul><li>Lembrar o ID de afiliado<\/li><li>Permitir-lhe iniciar sess\u00e3o na \u00e1rea de cliente<\/li><\/ul><p>N\u00e3o h\u00e1 forma de impedir que estes cookies sejam definidos, exceto n\u00e3o utilizar o nosso s\u00edtio.<\/p><p>As implica\u00e7\u00f5es de privacidade sobre isto variar\u00e3o de rede social para rede social e depender\u00e3o das defini\u00e7\u00f5es de privacidade que escolheu nestas redes.<\/p><h3>Cookies de estat\u00edsticas de visitantes an\u00f3nimos<\/h3><p>Utilizamos cookies para compilar estat\u00edsticas de visitantes, como quantas pessoas visitaram o nosso s\u00edtio Web, que tipo de tecnologia est\u00e3o a utilizar (por exemplo, Mac ou Windows, o que ajuda a identificar quando o nosso s\u00edtio n\u00e3o est\u00e1 a funcionar como deveria para tecnologias espec\u00edficas), quanto tempo passam no s\u00edtio, que p\u00e1gina visualizam, etc. Isto ajuda-nos a melhorar continuamente o nosso s\u00edtio Web. Estes chamados programas de \u201can\u00e1lise\u201d tamb\u00e9m nos dizem se, numa base an\u00f3nima, como as pessoas chegaram a este s\u00edtio (por exemplo, de um motor de busca) e se j\u00e1 estiveram aqui antes, ajudando-nos a investir mais dinheiro no desenvolvimento dos nossos servi\u00e7os para si em vez de gastos de marketing.  <\/p><p>Utilizamos o Google Analytics, uma ferramenta anal\u00edtica que define cookies para avaliar quantas visitas temos ao nosso s\u00edtio Web e para ver como os utilizadores interagem com o conte\u00fado do nosso s\u00edtio Web. O Google Analytics compila relat\u00f3rios para n\u00f3s sobre a atividade do nosso s\u00edtio Web, o que por sua vez nos ajuda a melhorar a forma como o nosso s\u00edtio Web funciona para proporcionar uma melhor experi\u00eancia de navega\u00e7\u00e3o. O Google Analytics n\u00e3o recolhe qualquer informa\u00e7\u00e3o pessoalmente identific\u00e1vel sobre os utilizadores do nosso s\u00edtio Web. Al\u00e9m da informa\u00e7\u00e3o sobre cookies fornecida abaixo, pode saber mais sobre os cookies utilizados pelo Google Analytics <a href=\"https:\/\/developers.google.com\/analytics\/devguides\/collection\/analyticsjs\/cookie-usage\" target=\"_blank\" rel=\"noopener noreferrer\">aqui<\/a>.   <\/p><h3>Desativar cookies<\/h3><p>Normalmente pode desativar os cookies ajustando as defini\u00e7\u00f5es do seu navegador para impedir que aceite cookies. No entanto, faz\u00ea-lo provavelmente limitar\u00e1 a funcionalidade do nosso s\u00edtio e de uma grande propor\u00e7\u00e3o dos s\u00edtios Web do mundo, uma vez que os cookies s\u00e3o uma parte padr\u00e3o da maioria dos s\u00edtios Web modernos <\/p><p>Pode ser que as suas preocupa\u00e7\u00f5es em rela\u00e7\u00e3o aos cookies se relacionem com o chamado \u201cspyware\u201d. Em vez de desativar os cookies no seu navegador, pode descobrir que o software anti-spyware atinge o mesmo objetivo ao eliminar automaticamente os cookies considerados invasivos. <\/p><p>O texto de informa\u00e7\u00e3o sobre cookies neste s\u00edtio foi derivado de conte\u00fado fornecido pela <a href=\"http:\/\/www.attacat.co.uk\/\" target=\"_blank\" rel=\"noopener\">Attacat Internet Marketing<\/a>, uma ag\u00eancia de marketing baseada em Edimburgo. Se precisar de informa\u00e7\u00e3o semelhante para o seu pr\u00f3prio s\u00edtio Web, pode utilizar a sua <a href=\"http:\/\/www.attacat.co.uk\/resources\/cookies\" target=\"_blank\" rel=\"noopener\">ferramenta gratuita de auditoria de cookies<\/a>. <\/p><p><span style=\"color: inherit; font-size: 1.92308rem; font-weight: bold;\">Cookies que utilizamos<\/span><\/p><div class=\"cky-audit-table-element\"> <\/div><p><span style=\"color: inherit; font-size: 1.92308rem; font-weight: bold;\">Saber mais sobre cookies<\/span><\/p><p>Para saber mais sobre cookies e como pode gerir os que est\u00e3o guardados no seu computador, visite <a title=\"Visite o s\u00edtio Web do All About Cookies\" href=\"http:\/\/www.allaboutcookies.org\/\" target=\"_blank\" rel=\"noopener\">All About Cookies.org<\/a><\/p>\t\t\t\t\t\t\t\t<\/div>\n\t\t\t\t<\/div>\n\t\t\t\t\t<\/div>\n\t\t<\/div>\n\t\t\t\t\t<\/div>\n\t\t<\/section>\n\t\t\t\t<section class=\"elementor-section elementor-top-section elementor-element elementor-element-3c0857b7 elementor-section-boxed elementor-section-height-default elementor-section-height-default\" data-id=\"3c0857b7\" data-element_type=\"section\" data-settings=\"{&quot;background_background&quot;:&quot;classic&quot;}\">\n\t\t\t\t\t\t<div class=\"elementor-container elementor-column-gap-default\">\n\t\t\t\t\t<div class=\"elementor-column elementor-col-100 elementor-top-column elementor-element elementor-element-754a037c\" data-id=\"754a037c\" data-element_type=\"column\">\n\t\t\t<div class=\"elementor-widget-wrap elementor-element-populated\">\n\t\t\t\t\t\t<div class=\"elementor-element elementor-element-34dee97c elementor-widget elementor-widget-heading\" data-id=\"34dee97c\" data-element_type=\"widget\" data-widget_type=\"heading.default\">\n\t\t\t\t<div class=\"elementor-widget-container\">\n\t\t\t\t\t<h2 class=\"elementor-heading-title elementor-size-default\">Servidores r\u00e1pidos apenas para<br>negocia\u00e7\u00e3o forex<\/h2>\t\t\t\t<\/div>\n\t\t\t\t<\/div>\n\t\t\t\t<div class=\"elementor-element elementor-element-352b1554 elementor-align-center elementor-widget elementor-widget-button\" data-id=\"352b1554\" data-element_type=\"widget\" data-widget_type=\"button.default\">\n\t\t\t\t<div class=\"elementor-widget-container\">\n\t\t\t\t\t\t\t\t\t<div class=\"elementor-button-wrapper\">\n\t\t\t\t\t<a class=\"elementor-button elementor-button-link elementor-size-xl\" href=\"\/pt-pt\/#pricelist\">\n\t\t\t\t\t\t<span class=\"elementor-button-content-wrapper\">\n\t\t\t\t\t\t\t\t\t<span class=\"elementor-button-text\">ENCOMENDE A PARTIR DE 17,99 $<\/span>\n\t\t\t\t\t<\/span>\n\t\t\t\t\t<\/a>\n\t\t\t\t<\/div>\n\t\t\t\t\t\t\t\t<\/div>\n\t\t\t\t<\/div>\n\t\t\t\t\t<\/div>\n\t\t<\/div>\n\t\t\t\t\t<\/div>\n\t\t<\/section>\n\t\t\t\t<\/div>\n\t\t","protected":false},"excerpt":{"rendered":"<p>Pol\u00edtica de cookies Cookies e como o beneficiam O nosso s\u00edtio Web utiliza cookies, como quase todos os s\u00edtios Web, para ajudar a proporcionar-lhe a melhor experi\u00eancia poss\u00edvel.Os cookies s\u00e3o pequenos ficheiros de texto que s\u00e3o colocados no seu computador ou telem\u00f3vel quando navega em s\u00edtios Web. Os nossos cookies ajudam-nos a: Fazer com que [&hellip;]<\/p>\n","protected":false},"author":1,"featured_media":0,"parent":0,"menu_order":0,"comment_status":"closed","ping_status":"closed","template":"","meta":{"_acf_changed":false,"footnotes":""},"class_list":["post-10684","page","type-page","status-publish","hentry"],"acf":[],"_links":{"self":[{"href":"https:\/\/www.vpsforextrader.com\/pt-pt\/wp-json\/wp\/v2\/pages\/10684","targetHints":{"allow":["GET"]}}],"collection":[{"href":"https:\/\/www.vpsforextrader.com\/pt-pt\/wp-json\/wp\/v2\/pages"}],"about":[{"href":"https:\/\/www.vpsforextrader.com\/pt-pt\/wp-json\/wp\/v2\/types\/page"}],"author":[{"embeddable":true,"href":"https:\/\/www.vpsforextrader.com\/pt-pt\/wp-json\/wp\/v2\/users\/1"}],"replies":[{"embeddable":true,"href":"https:\/\/www.vpsforextrader.com\/pt-pt\/wp-json\/wp\/v2\/comments?post=10684"}],"version-history":[{"count":1,"href":"https:\/\/www.vpsforextrader.com\/pt-pt\/wp-json\/wp\/v2\/pages\/10684\/revisions"}],"predecessor-version":[{"id":10685,"href":"https:\/\/www.vpsforextrader.com\/pt-pt\/wp-json\/wp\/v2\/pages\/10684\/revisions\/10685"}],"wp:attachment":[{"href":"https:\/\/www.vpsforextrader.com\/pt-pt\/wp-json\/wp\/v2\/media?parent=10684"}],"curies":[{"name":"wp","href":"https:\/\/api.w.org\/{rel}","templated":true}]}}