{"id":10748,"date":"2022-02-12T07:30:34","date_gmt":"2022-02-12T07:30:34","guid":{"rendered":"https:\/\/www.vpsforextrader.com\/politica-de-cookies\/"},"modified":"2025-08-20T12:55:48","modified_gmt":"2025-08-20T12:55:48","slug":"politica-de-cookies","status":"publish","type":"page","link":"https:\/\/www.vpsforextrader.com\/es\/politica-de-cookies\/","title":{"rendered":"Pol\u00edtica de cookies"},"content":{"rendered":"\t\t<div data-elementor-type=\"wp-page\" data-elementor-id=\"10748\" class=\"elementor elementor-10748 elementor-130\" data-elementor-post-type=\"page\">\n\t\t\t\t\t\t<section class=\"elementor-section elementor-top-section elementor-element elementor-element-3f648586 elementor-section-boxed elementor-section-height-default elementor-section-height-default\" data-id=\"3f648586\" data-element_type=\"section\">\n\t\t\t\t\t\t<div class=\"elementor-container elementor-column-gap-no\">\n\t\t\t\t\t<div class=\"elementor-column elementor-col-100 elementor-top-column elementor-element elementor-element-161ab36e\" data-id=\"161ab36e\" data-element_type=\"column\">\n\t\t\t<div class=\"elementor-widget-wrap elementor-element-populated\">\n\t\t\t\t\t\t<div class=\"elementor-element elementor-element-e8f9ff2 elementor-widget elementor-widget-heading\" data-id=\"e8f9ff2\" data-element_type=\"widget\" data-widget_type=\"heading.default\">\n\t\t\t\t<div class=\"elementor-widget-container\">\n\t\t\t\t\t<h1 class=\"elementor-heading-title elementor-size-default\">Pol\u00edtica de cookies<\/h1>\t\t\t\t<\/div>\n\t\t\t\t<\/div>\n\t\t\t\t\t<\/div>\n\t\t<\/div>\n\t\t\t\t\t<\/div>\n\t\t<\/section>\n\t\t\t\t<section class=\"elementor-section elementor-top-section elementor-element elementor-element-7fd2316 elementor-section-boxed elementor-section-height-default elementor-section-height-default\" data-id=\"7fd2316\" data-element_type=\"section\">\n\t\t\t\t\t\t<div class=\"elementor-container elementor-column-gap-default\">\n\t\t\t\t\t<div class=\"elementor-column elementor-col-100 elementor-top-column elementor-element elementor-element-7651e72\" data-id=\"7651e72\" data-element_type=\"column\">\n\t\t\t<div class=\"elementor-widget-wrap elementor-element-populated\">\n\t\t\t\t\t\t<div class=\"elementor-element elementor-element-400de96 cookie_content elementor-widget-tablet_extra__width-initial elementor-widget elementor-widget-text-editor\" data-id=\"400de96\" data-element_type=\"widget\" data-widget_type=\"text-editor.default\">\n\t\t\t\t<div class=\"elementor-widget-container\">\n\t\t\t\t\t\t\t\t\t<h2>Las cookies y c\u00f3mo le benefician<\/h2><p>Nuestro sitio web utiliza cookies, como casi todos los sitios web, para ayudar a proporcionarle la mejor experiencia posible.<br>Las cookies son peque\u00f1os archivos de texto que se colocan en su ordenador o tel\u00e9fono m\u00f3vil cuando navega por sitios web.<\/p><p>Nuestras cookies nos ayudan a:<\/p><ul><li>Hacer que nuestro sitio web funcione como usted espera<\/li><li>Recordar su configuraci\u00f3n durante y entre visitas<\/li><li>Mejorar la velocidad\/seguridad del sitio<\/li><li>Mejorar continuamente nuestro sitio web para usted<\/li><\/ul><p>No utilizamos cookies para:<\/p><ul><li>Recopilar informaci\u00f3n de identificaci\u00f3n personal (sin su permiso expreso)<\/li><li>Recopilar informaci\u00f3n confidencial (sin su permiso expreso)<\/li><li>Pasar datos de identificaci\u00f3n personal a terceros<\/li><li>Pagar comisiones de venta<\/li><\/ul><p>Puede obtener m\u00e1s informaci\u00f3n sobre todas las cookies que utilizamos a continuaci\u00f3n:<\/p><h2>Concedernos permiso para utilizar cookies<\/h2><p>Si la configuraci\u00f3n del software que est\u00e1 utilizando para ver este sitio web (su navegador) est\u00e1 ajustada para aceptar cookies, entenderemos que est\u00e1 de acuerdo con ello, as\u00ed como con su uso continuado de nuestro sitio web. Si<br>desea eliminar o no utilizar cookies de nuestro sitio, puede aprender a hacerlo a continuaci\u00f3n; sin embargo, hacerlo probablemente significar\u00e1 que nuestro sitio no funcionar\u00e1 como usted espera. <\/p><h2>M\u00e1s informaci\u00f3n sobre nuestras cookies<\/h2><h3>Cookies de funci\u00f3n del sitio web: nuestras propias cookies<\/h3><p>Utilizamos cookies para que nuestro sitio web funcione, incluyendo:<\/p><ul><li>Recordar el ID de afiliado<\/li><li>Permitirle iniciar sesi\u00f3n en el \u00e1rea de clientes<\/li><\/ul><p>No hay forma de evitar que se establezcan estas cookies, salvo no utilizar nuestro sitio.<\/p><p>Las implicaciones de privacidad en esto variar\u00e1n de una red social a otra y depender\u00e1n de la configuraci\u00f3n de privacidad que haya elegido en estas redes.<\/p><h3>Cookies an\u00f3nimas de estad\u00edsticas de visitantes<\/h3><p>Utilizamos cookies para recopilar estad\u00edsticas de visitantes, como el n\u00famero de personas que han visitado nuestro sitio web, el tipo de tecnolog\u00eda que est\u00e1n utilizando (por ejemplo, Mac o Windows, lo que ayuda a identificar cu\u00e1ndo nuestro sitio no funciona como deber\u00eda para determinadas tecnolog\u00edas), cu\u00e1nto tiempo pasan en el sitio, qu\u00e9 p\u00e1ginas consultan, etc. Esto nos ayuda a mejorar continuamente nuestro sitio web. Estos programas de \u201can\u00e1lisis\u201d tambi\u00e9n nos indican, de forma an\u00f3nima, c\u00f3mo lleg\u00f3 la gente a este sitio (por ejemplo, desde un motor de b\u00fasqueda) y si han estado aqu\u00ed antes, lo que nos ayuda a invertir m\u00e1s dinero en el desarrollo de nuestros servicios para usted en lugar de gastar en marketing.  <\/p><p>Utilizamos Google Analytics, una herramienta de an\u00e1lisis que establece cookies para evaluar cu\u00e1ntas visitas tenemos a nuestro sitio web y para ver c\u00f3mo interact\u00faan los usuarios con el contenido de nuestro sitio web. Google Analytics recopila informes para nosotros sobre la actividad de nuestro sitio web, lo que a su vez nos ayuda a mejorar la forma en que funciona nuestro sitio web para ofrecer una mejor experiencia de navegaci\u00f3n. Google Analytics no recopila ninguna informaci\u00f3n de identificaci\u00f3n personal sobre los usuarios de nuestro sitio web. Adem\u00e1s de la informaci\u00f3n sobre cookies que se proporciona a continuaci\u00f3n, puede obtener m\u00e1s informaci\u00f3n sobre las cookies utilizadas por Google Analytics <a href=\"https:\/\/developers.google.com\/analytics\/devguides\/collection\/analyticsjs\/cookie-usage\" target=\"_blank\" rel=\"noopener noreferrer\">aqu\u00ed<\/a>.   <\/p><h3>Desactivar las cookies<\/h3><p>Normalmente puede desactivar las cookies ajustando la configuraci\u00f3n de su navegador para que deje de aceptarlas. Sin embargo, hacerlo probablemente limitar\u00e1 la funcionalidad de nuestro sitio web y de una gran proporci\u00f3n de los sitios web del mundo, ya que las cookies son una parte est\u00e1ndar de la mayor\u00eda de los sitios web modernos <\/p><p>Puede que sus preocupaciones sobre las cookies est\u00e9n relacionadas con el llamado \u201cspyware\u201d. En lugar de desactivar las cookies en su navegador, puede que descubra que el software antispyware consigue el mismo objetivo eliminando autom\u00e1ticamente las cookies consideradas invasivas. <\/p><p>El texto informativo sobre las cookies de este sitio se ha extra\u00eddo de contenido proporcionado por <a href=\"http:\/\/www.attacat.co.uk\/\" target=\"_blank\" rel=\"noopener\">Attacat Internet Marketing<\/a>, una agencia de marketing con sede en Edimburgo. Si necesita informaci\u00f3n similar para su propio sitio web, puede utilizar su <a href=\"http:\/\/www.attacat.co.uk\/resources\/cookies\" target=\"_blank\" rel=\"noopener\">herramienta gratuita de auditor\u00eda de cookies<\/a>. <\/p><p><span style=\"color: inherit; font-size: 1.92308rem; font-weight: bold;\">Cookies que utilizamos<\/span><\/p><div class=\"cky-audit-table-element\"> <\/div><p><span style=\"color: inherit; font-size: 1.92308rem; font-weight: bold;\">M\u00e1s informaci\u00f3n sobre las cookies<\/span><\/p><p>Para obtener m\u00e1s informaci\u00f3n sobre las cookies y c\u00f3mo puede gestionar las que se guardan en su ordenador, visite <a title=\"Visite el sitio web de All About Cookies\" href=\"http:\/\/www.allaboutcookies.org\/\" target=\"_blank\" rel=\"noopener\">All About Cookies.org<\/a><\/p>\t\t\t\t\t\t\t\t<\/div>\n\t\t\t\t<\/div>\n\t\t\t\t\t<\/div>\n\t\t<\/div>\n\t\t\t\t\t<\/div>\n\t\t<\/section>\n\t\t\t\t<section class=\"elementor-section elementor-top-section elementor-element elementor-element-3c0857b7 elementor-section-boxed elementor-section-height-default elementor-section-height-default\" data-id=\"3c0857b7\" data-element_type=\"section\" data-settings=\"{&quot;background_background&quot;:&quot;classic&quot;}\">\n\t\t\t\t\t\t<div class=\"elementor-container elementor-column-gap-default\">\n\t\t\t\t\t<div class=\"elementor-column elementor-col-100 elementor-top-column elementor-element elementor-element-754a037c\" data-id=\"754a037c\" data-element_type=\"column\">\n\t\t\t<div class=\"elementor-widget-wrap elementor-element-populated\">\n\t\t\t\t\t\t<div class=\"elementor-element elementor-element-34dee97c elementor-widget elementor-widget-heading\" data-id=\"34dee97c\" data-element_type=\"widget\" data-widget_type=\"heading.default\">\n\t\t\t\t<div class=\"elementor-widget-container\">\n\t\t\t\t\t<h2 class=\"elementor-heading-title elementor-size-default\">Servidores r\u00e1pidos solo para<br>el comercio de divisas<\/h2>\t\t\t\t<\/div>\n\t\t\t\t<\/div>\n\t\t\t\t<div class=\"elementor-element elementor-element-352b1554 elementor-align-center elementor-widget elementor-widget-button\" data-id=\"352b1554\" data-element_type=\"widget\" data-widget_type=\"button.default\">\n\t\t\t\t<div class=\"elementor-widget-container\">\n\t\t\t\t\t\t\t\t\t<div class=\"elementor-button-wrapper\">\n\t\t\t\t\t<a class=\"elementor-button elementor-button-link elementor-size-xl\" href=\"\/#pricelist\">\n\t\t\t\t\t\t<span class=\"elementor-button-content-wrapper\">\n\t\t\t\t\t\t\t\t\t<span class=\"elementor-button-text\">PEDIR DESDE 17,99 $<\/span>\n\t\t\t\t\t<\/span>\n\t\t\t\t\t<\/a>\n\t\t\t\t<\/div>\n\t\t\t\t\t\t\t\t<\/div>\n\t\t\t\t<\/div>\n\t\t\t\t\t<\/div>\n\t\t<\/div>\n\t\t\t\t\t<\/div>\n\t\t<\/section>\n\t\t\t\t<\/div>\n\t\t","protected":false},"excerpt":{"rendered":"<p>Pol\u00edtica de cookies Las cookies y c\u00f3mo le benefician Nuestro sitio web utiliza cookies, como casi todos los sitios web, para ayudar a proporcionarle la mejor experiencia posible.Las cookies son peque\u00f1os archivos de texto que se colocan en su ordenador o tel\u00e9fono m\u00f3vil cuando navega por sitios web. Nuestras cookies nos ayudan a: Hacer que [&hellip;]<\/p>\n","protected":false},"author":1,"featured_media":0,"parent":0,"menu_order":0,"comment_status":"closed","ping_status":"closed","template":"","meta":{"_acf_changed":false,"footnotes":""},"class_list":["post-10748","page","type-page","status-publish","hentry"],"acf":[],"_links":{"self":[{"href":"https:\/\/www.vpsforextrader.com\/es\/wp-json\/wp\/v2\/pages\/10748","targetHints":{"allow":["GET"]}}],"collection":[{"href":"https:\/\/www.vpsforextrader.com\/es\/wp-json\/wp\/v2\/pages"}],"about":[{"href":"https:\/\/www.vpsforextrader.com\/es\/wp-json\/wp\/v2\/types\/page"}],"author":[{"embeddable":true,"href":"https:\/\/www.vpsforextrader.com\/es\/wp-json\/wp\/v2\/users\/1"}],"replies":[{"embeddable":true,"href":"https:\/\/www.vpsforextrader.com\/es\/wp-json\/wp\/v2\/comments?post=10748"}],"version-history":[{"count":1,"href":"https:\/\/www.vpsforextrader.com\/es\/wp-json\/wp\/v2\/pages\/10748\/revisions"}],"predecessor-version":[{"id":10749,"href":"https:\/\/www.vpsforextrader.com\/es\/wp-json\/wp\/v2\/pages\/10748\/revisions\/10749"}],"wp:attachment":[{"href":"https:\/\/www.vpsforextrader.com\/es\/wp-json\/wp\/v2\/media?parent=10748"}],"curies":[{"name":"wp","href":"https:\/\/api.w.org\/{rel}","templated":true}]}}