{"id":10531,"date":"2022-02-12T07:30:34","date_gmt":"2022-02-12T07:30:34","guid":{"rendered":"https:\/\/www.vpsforextrader.com\/cookie-richtlinie\/"},"modified":"2025-08-13T12:21:10","modified_gmt":"2025-08-13T12:21:10","slug":"cookie-richtlinie","status":"publish","type":"page","link":"https:\/\/www.vpsforextrader.com\/de\/cookie-richtlinie\/","title":{"rendered":"Cookie-Richtlinie"},"content":{"rendered":"\t\t<div data-elementor-type=\"wp-page\" data-elementor-id=\"10531\" class=\"elementor elementor-10531 elementor-130\" data-elementor-post-type=\"page\">\n\t\t\t\t\t\t<section class=\"elementor-section elementor-top-section elementor-element elementor-element-3f648586 elementor-section-boxed elementor-section-height-default elementor-section-height-default\" data-id=\"3f648586\" data-element_type=\"section\">\n\t\t\t\t\t\t<div class=\"elementor-container elementor-column-gap-no\">\n\t\t\t\t\t<div class=\"elementor-column elementor-col-100 elementor-top-column elementor-element elementor-element-161ab36e\" data-id=\"161ab36e\" data-element_type=\"column\">\n\t\t\t<div class=\"elementor-widget-wrap elementor-element-populated\">\n\t\t\t\t\t\t<div class=\"elementor-element elementor-element-e8f9ff2 elementor-widget elementor-widget-heading\" data-id=\"e8f9ff2\" data-element_type=\"widget\" data-widget_type=\"heading.default\">\n\t\t\t\t<div class=\"elementor-widget-container\">\n\t\t\t\t\t<h1 class=\"elementor-heading-title elementor-size-default\">Cookie-Richtlinie<\/h1>\t\t\t\t<\/div>\n\t\t\t\t<\/div>\n\t\t\t\t\t<\/div>\n\t\t<\/div>\n\t\t\t\t\t<\/div>\n\t\t<\/section>\n\t\t\t\t<section class=\"elementor-section elementor-top-section elementor-element elementor-element-7fd2316 elementor-section-boxed elementor-section-height-default elementor-section-height-default\" data-id=\"7fd2316\" data-element_type=\"section\">\n\t\t\t\t\t\t<div class=\"elementor-container elementor-column-gap-default\">\n\t\t\t\t\t<div class=\"elementor-column elementor-col-100 elementor-top-column elementor-element elementor-element-7651e72\" data-id=\"7651e72\" data-element_type=\"column\">\n\t\t\t<div class=\"elementor-widget-wrap elementor-element-populated\">\n\t\t\t\t\t\t<div class=\"elementor-element elementor-element-400de96 cookie_content elementor-widget-tablet_extra__width-initial elementor-widget elementor-widget-text-editor\" data-id=\"400de96\" data-element_type=\"widget\" data-widget_type=\"text-editor.default\">\n\t\t\t\t<div class=\"elementor-widget-container\">\n\t\t\t\t\t\t\t\t\t<h2>Cookies und wie sie Ihnen nutzen<\/h2><p>Unsere Website verwendet Cookies, wie fast alle Websites, um Ihnen die bestm\u00f6gliche Erfahrung zu bieten.<br>Cookies sind kleine Textdateien, die auf Ihrem Computer oder Mobiltelefon platziert werden, wenn Sie Websites besuchen.<\/p><p>Unsere Cookies helfen uns:<\/p><ul><li>Unsere Website so funktionieren zu lassen, wie Sie es erwarten<\/li><li>Ihre Einstellungen w\u00e4hrend und zwischen den Besuchen zu speichern<\/li><li>Die Geschwindigkeit\/Sicherheit der Website zu verbessern<\/li><li>Unsere Website kontinuierlich f\u00fcr Sie zu verbessern<\/li><\/ul><p>Wir verwenden keine Cookies, um:<\/p><ul><li>Pers\u00f6nlich identifizierbare Informationen zu sammeln (ohne Ihre ausdr\u00fcckliche Erlaubnis)<\/li><li>Sensible Informationen zu sammeln (ohne Ihre ausdr\u00fcckliche Erlaubnis)<\/li><li>Pers\u00f6nlich identifizierbare Daten an Dritte weiterzugeben<\/li><li>Umsatzprovisionen zu zahlen<\/li><\/ul><p>Sie k\u00f6nnen unten mehr \u00fcber alle von uns verwendeten Cookies erfahren:<\/p><h2>Erteilung der Erlaubnis zur Verwendung von Cookies<\/h2><p>Wenn die Einstellungen Ihrer Software, mit der Sie diese Website betrachten (Ihr Browser), so eingestellt sind, dass Cookies akzeptiert werden, gehen wir davon aus, dass Sie damit einverstanden sind, wenn Sie unsere Website weiterhin nutzen. Sollten<br> Sie Cookies von unserer Website entfernen oder nicht verwenden wollen, k\u00f6nnen Sie unten erfahren, wie Sie dies tun k\u00f6nnen. Dies wird jedoch wahrscheinlich dazu f\u00fchren, dass unsere Website nicht wie erwartet funktioniert. <\/p><h2>Mehr \u00fcber unsere Cookies<\/h2><h3>Website-Funktions-Cookies: unsere eigenen Cookies<\/h3><p>Wir verwenden Cookies, damit unsere Website funktioniert, einschlie\u00dflich:<\/p><ul><li>Speichern der Partner-ID<\/li><li>Ihnen die Anmeldung im Kundenbereich zu erm\u00f6glichen<\/li><\/ul><p>Es gibt keine M\u00f6glichkeit, das Setzen dieser Cookies zu verhindern, au\u00dfer unsere Website nicht zu nutzen.<\/p><p>Die Auswirkungen auf den Datenschutz variieren von sozialem Netzwerk zu sozialem Netzwerk und h\u00e4ngen von den Datenschutzeinstellungen ab, die Sie in diesen Netzwerken gew\u00e4hlt haben.<\/p><h3>Anonyme Besucherstatistik-Cookies<\/h3><p>Wir verwenden Cookies, um Besucherstatistiken zu erstellen, z. B. wie viele Personen unsere Website besucht haben, welche Art von Technologie sie verwenden (z. B. Mac oder Windows, was uns hilft zu erkennen, wann unsere Website f\u00fcr bestimmte Technologien nicht wie erwartet funktioniert), wie lange sie auf der Website verbringen, welche Seite sie sich ansehen usw. Dies hilft uns, unsere Website kontinuierlich zu verbessern. Diese so genannten \u201eAnalyse\u201c-Programme sagen uns auch, ob Personen anonym auf diese Website gelangt sind (z. B. \u00fcber eine Suchmaschine) und ob sie schon einmal hier waren, was uns hilft, mehr Geld in die Entwicklung unserer Dienstleistungen f\u00fcr Sie zu investieren, anstatt in Marketingausgaben.  <\/p><p>Wir verwenden Google Analytics, ein Analysetool, das Cookies setzt, um auszuwerten, wie viele Besuche wir auf unserer Website haben und um zu sehen, wie Nutzer mit den Inhalten unserer Website interagieren. Google Analytics erstellt f\u00fcr uns Berichte \u00fcber unsere Website-Aktivit\u00e4ten, was uns wiederum hilft, die Funktionsweise unserer Website zu verbessern, um ein besseres Surferlebnis zu bieten. Google Analytics sammelt keine pers\u00f6nlich identifizierbaren Informationen \u00fcber die Nutzer unserer Website. Zus\u00e4tzlich zu den unten angegebenen Cookie-Informationen k\u00f6nnen Sie <a href=\"https:\/\/developers.google.com\/analytics\/devguides\/collection\/analyticsjs\/cookie-usage\" target=\"_blank\" rel=\"noopener noreferrer\">hier<\/a> mehr \u00fcber die von Google Analytics verwendeten Cookies erfahren.   <\/p><h3>Cookies deaktivieren<\/h3><p>Sie k\u00f6nnen Cookies normalerweise deaktivieren, indem Sie Ihre Browsereinstellungen so anpassen, dass keine Cookies akzeptiert werden. Dies wird jedoch wahrscheinlich die Funktionalit\u00e4t unserer und eines gro\u00dfen Teils der Websites der Welt einschr\u00e4nken, da Cookies ein Standardbestandteil der meisten modernen Websites sind. <\/p><p>Es kann sein, dass Ihre Bedenken bez\u00fcglich Cookies mit so genannter \u201eSpyware\u201c zusammenh\u00e4ngen. Anstatt Cookies in Ihrem Browser zu deaktivieren, k\u00f6nnen Sie feststellen, dass Anti-Spyware-Software das gleiche Ziel erreicht, indem sie automatisch Cookies l\u00f6scht, die als invasiv gelten. <\/p><p>Der Cookie-Informationstext auf dieser Website stammt aus Inhalten, die von <a href=\"http:\/\/www.attacat.co.uk\/\" target=\"_blank\" rel=\"noopener\">Attacat Internet Marketing<\/a>, einer Marketingagentur mit Sitz in Edinburgh, bereitgestellt wurden. Wenn Sie \u00e4hnliche Informationen f\u00fcr Ihre eigene Website ben\u00f6tigen, k\u00f6nnen Sie deren <a href=\"http:\/\/www.attacat.co.uk\/resources\/cookies\" target=\"_blank\" rel=\"noopener\">kostenloses Cookie-Audit-Tool<\/a> verwenden. <\/p><p><span style=\"color: inherit; font-size: 1.92308rem; font-weight: bold;\">Von uns verwendete Cookies<\/span><\/p><div class=\"cky-audit-table-element\"> <\/div><p><span style=\"color: inherit; font-size: 1.92308rem; font-weight: bold;\">Mehr \u00fcber Cookies erfahren<\/span><\/p><p>Um mehr \u00fcber Cookies zu erfahren und wie Sie die auf Ihrem Computer gespeicherten Cookies verwalten k\u00f6nnen, besuchen Sie <a title=\"Besuchen Sie die Website von All About Cookies\" href=\"http:\/\/www.allaboutcookies.org\/\" target=\"_blank\" rel=\"noopener\">All About Cookies.org<\/a><\/p>\t\t\t\t\t\t\t\t<\/div>\n\t\t\t\t<\/div>\n\t\t\t\t\t<\/div>\n\t\t<\/div>\n\t\t\t\t\t<\/div>\n\t\t<\/section>\n\t\t\t\t<section class=\"elementor-section elementor-top-section elementor-element elementor-element-3c0857b7 elementor-section-boxed elementor-section-height-default elementor-section-height-default\" data-id=\"3c0857b7\" data-element_type=\"section\" data-settings=\"{&quot;background_background&quot;:&quot;classic&quot;}\">\n\t\t\t\t\t\t<div class=\"elementor-container elementor-column-gap-default\">\n\t\t\t\t\t<div class=\"elementor-column elementor-col-100 elementor-top-column elementor-element elementor-element-754a037c\" data-id=\"754a037c\" data-element_type=\"column\">\n\t\t\t<div class=\"elementor-widget-wrap elementor-element-populated\">\n\t\t\t\t\t\t<div class=\"elementor-element elementor-element-34dee97c elementor-widget elementor-widget-heading\" data-id=\"34dee97c\" data-element_type=\"widget\" data-widget_type=\"heading.default\">\n\t\t\t\t<div class=\"elementor-widget-container\">\n\t\t\t\t\t<h2 class=\"elementor-heading-title elementor-size-default\">Schnelle Server nur f\u00fcr<br>Forex-Trading<\/h2>\t\t\t\t<\/div>\n\t\t\t\t<\/div>\n\t\t\t\t<div class=\"elementor-element elementor-element-352b1554 elementor-align-center elementor-widget elementor-widget-button\" data-id=\"352b1554\" data-element_type=\"widget\" data-widget_type=\"button.default\">\n\t\t\t\t<div class=\"elementor-widget-container\">\n\t\t\t\t\t\t\t\t\t<div class=\"elementor-button-wrapper\">\n\t\t\t\t\t<a class=\"elementor-button elementor-button-link elementor-size-xl\" href=\"\/de\/#pricelist\">\n\t\t\t\t\t\t<span class=\"elementor-button-content-wrapper\">\n\t\t\t\t\t\t\t\t\t<span class=\"elementor-button-text\">BESTELLEN AB 17,99 $<\/span>\n\t\t\t\t\t<\/span>\n\t\t\t\t\t<\/a>\n\t\t\t\t<\/div>\n\t\t\t\t\t\t\t\t<\/div>\n\t\t\t\t<\/div>\n\t\t\t\t\t<\/div>\n\t\t<\/div>\n\t\t\t\t\t<\/div>\n\t\t<\/section>\n\t\t\t\t<\/div>\n\t\t","protected":false},"excerpt":{"rendered":"<p>Cookie-Richtlinie Cookies und wie sie Ihnen nutzen Unsere Website verwendet Cookies, wie fast alle Websites, um Ihnen die bestm\u00f6gliche Erfahrung zu bieten.Cookies sind kleine Textdateien, die auf Ihrem Computer oder Mobiltelefon platziert werden, wenn Sie Websites besuchen. Unsere Cookies helfen uns: Unsere Website so funktionieren zu lassen, wie Sie es erwarten Ihre Einstellungen w\u00e4hrend und [&hellip;]<\/p>\n","protected":false},"author":1,"featured_media":0,"parent":0,"menu_order":0,"comment_status":"closed","ping_status":"closed","template":"","meta":{"_acf_changed":false,"footnotes":""},"class_list":["post-10531","page","type-page","status-publish","hentry"],"acf":[],"_links":{"self":[{"href":"https:\/\/www.vpsforextrader.com\/de\/wp-json\/wp\/v2\/pages\/10531","targetHints":{"allow":["GET"]}}],"collection":[{"href":"https:\/\/www.vpsforextrader.com\/de\/wp-json\/wp\/v2\/pages"}],"about":[{"href":"https:\/\/www.vpsforextrader.com\/de\/wp-json\/wp\/v2\/types\/page"}],"author":[{"embeddable":true,"href":"https:\/\/www.vpsforextrader.com\/de\/wp-json\/wp\/v2\/users\/1"}],"replies":[{"embeddable":true,"href":"https:\/\/www.vpsforextrader.com\/de\/wp-json\/wp\/v2\/comments?post=10531"}],"version-history":[{"count":3,"href":"https:\/\/www.vpsforextrader.com\/de\/wp-json\/wp\/v2\/pages\/10531\/revisions"}],"predecessor-version":[{"id":10534,"href":"https:\/\/www.vpsforextrader.com\/de\/wp-json\/wp\/v2\/pages\/10531\/revisions\/10534"}],"wp:attachment":[{"href":"https:\/\/www.vpsforextrader.com\/de\/wp-json\/wp\/v2\/media?parent=10531"}],"curies":[{"name":"wp","href":"https:\/\/api.w.org\/{rel}","templated":true}]}}